{"id":8,"date":"2023-07-14T13:28:01","date_gmt":"2023-07-14T13:28:01","guid":{"rendered":"https:\/\/bibaguideparis.com\/?page_id=8"},"modified":"2024-05-22T02:47:26","modified_gmt":"2024-05-22T00:47:26","slug":"about-us","status":"publish","type":"page","link":"https:\/\/bibaguideparis.com\/en\/about-us\/","title":{"rendered":"About us"},"content":{"rendered":"<div data-elementor-type=\"wp-page\" data-elementor-id=\"8\" class=\"elementor elementor-8\" data-elementor-post-type=\"page\">\n\t\t\t\t\t\t<section class=\"elementor-section elementor-top-section elementor-element elementor-element-1ca82e7 elementor-section-stretched elementor-section-boxed elementor-section-height-default elementor-section-height-default\" data-id=\"1ca82e7\" data-element_type=\"section\" data-e-type=\"section\" data-settings=\"{&quot;stretch_section&quot;:&quot;section-stretched&quot;,&quot;background_background&quot;:&quot;classic&quot;}\">\n\t\t\t\t\t\t\t<div class=\"elementor-background-overlay\"><\/div>\n\t\t\t\t\t\t\t<div class=\"elementor-container elementor-column-gap-wider\">\n\t\t\t\t\t<div class=\"elementor-column elementor-col-100 elementor-top-column elementor-element elementor-element-d0c585a\" data-id=\"d0c585a\" data-element_type=\"column\" data-e-type=\"column\" data-settings=\"{&quot;background_background&quot;:&quot;classic&quot;}\">\n\t\t\t<div class=\"elementor-widget-wrap elementor-element-populated\">\n\t\t\t\t\t\t<section class=\"elementor-section elementor-inner-section elementor-element elementor-element-51cffb3 elementor-section-boxed elementor-section-height-default elementor-section-height-default\" data-id=\"51cffb3\" data-element_type=\"section\" data-e-type=\"section\">\n\t\t\t\t\t\t<div class=\"elementor-container elementor-column-gap-default\">\n\t\t\t\t\t<div class=\"elementor-column elementor-col-100 elementor-inner-column elementor-element elementor-element-aba07c5\" data-id=\"aba07c5\" data-element_type=\"column\" data-e-type=\"column\">\n\t\t\t<div class=\"elementor-widget-wrap elementor-element-populated\">\n\t\t\t\t\t\t<div class=\"elementor-element elementor-element-3d1b5d8 elementor-widget elementor-widget-spacer\" data-id=\"3d1b5d8\" data-element_type=\"widget\" data-e-type=\"widget\" data-widget_type=\"spacer.default\">\n\t\t\t\t<div class=\"elementor-widget-container\">\n\t\t\t\t\t\t\t<div class=\"elementor-spacer\">\n\t\t\t<div class=\"elementor-spacer-inner\"><\/div>\n\t\t<\/div>\n\t\t\t\t\t\t<\/div>\n\t\t\t\t<\/div>\n\t\t\t\t\t<\/div>\n\t\t<\/div>\n\t\t\t\t\t<\/div>\n\t\t<\/section>\n\t\t\t\t\t<\/div>\n\t\t<\/div>\n\t\t\t\t\t<\/div>\n\t\t<\/section>\n\t\t\t\t<section class=\"elementor-section elementor-top-section elementor-element elementor-element-deb1800 elementor-section-stretched elementor-section-boxed elementor-section-height-default elementor-section-height-default elementor-invisible\" data-id=\"deb1800\" data-element_type=\"section\" data-e-type=\"section\" data-settings=\"{&quot;stretch_section&quot;:&quot;section-stretched&quot;,&quot;background_background&quot;:&quot;classic&quot;,&quot;animation&quot;:&quot;fadeIn&quot;}\">\n\t\t\t\t\t\t<div class=\"elementor-container elementor-column-gap-wider\">\n\t\t\t\t\t<div class=\"elementor-column elementor-col-100 elementor-top-column elementor-element elementor-element-65c0c96\" data-id=\"65c0c96\" data-element_type=\"column\" data-e-type=\"column\">\n\t\t\t<div class=\"elementor-widget-wrap elementor-element-populated\">\n\t\t\t\t\t\t<div class=\"elementor-element elementor-element-4fe2461 elementor-widget elementor-widget-text-editor\" data-id=\"4fe2461\" data-element_type=\"widget\" data-e-type=\"widget\" data-widget_type=\"text-editor.default\">\n\t\t\t\t<div class=\"elementor-widget-container\">\n\t\t\t\t\t\t\t\t\t<p><strong>Bibata ROAMBA<\/strong><\/p>\t\t\t\t\t\t\t\t<\/div>\n\t\t\t\t<\/div>\n\t\t\t\t<div class=\"elementor-element elementor-element-6b92db9 elementor-widget elementor-widget-text-editor\" data-id=\"6b92db9\" data-element_type=\"widget\" data-e-type=\"widget\" data-widget_type=\"text-editor.default\">\n\t\t\t\t<div class=\"elementor-widget-container\">\n\t\t\t\t\t\t\t\t\t<p>Guide speaker<\/p>\t\t\t\t\t\t\t\t<\/div>\n\t\t\t\t<\/div>\n\t\t\t\t<section class=\"elementor-section elementor-inner-section elementor-element elementor-element-a66dd4d elementor-section-boxed elementor-section-height-default elementor-section-height-default\" data-id=\"a66dd4d\" data-element_type=\"section\" data-e-type=\"section\">\n\t\t\t\t\t\t<div class=\"elementor-container elementor-column-gap-default\">\n\t\t\t\t\t<div class=\"elementor-column elementor-col-50 elementor-inner-column elementor-element elementor-element-34cf2ba\" data-id=\"34cf2ba\" data-element_type=\"column\" data-e-type=\"column\">\n\t\t\t<div class=\"elementor-widget-wrap elementor-element-populated\">\n\t\t\t\t\t\t<div class=\"elementor-element elementor-element-aee1138 elementor-widget__width-initial elementor-widget elementor-widget-heading\" data-id=\"aee1138\" data-element_type=\"widget\" data-e-type=\"widget\" data-widget_type=\"heading.default\">\n\t\t\t\t<div class=\"elementor-widget-container\">\n\t\t\t\t\t<p class=\"elementor-heading-title elementor-size-default\">Bibata is my first name, and I'm a \u201cfreebooter\u201d, Flibustier in French, in my own way. Flibustier, which comes from the Dutch word \"vrijbuiter\", literally translates as \"one who booty freely\", or \"free forager\".\nBut my booty is not gold, silver or precious stones.\nMy booty is history, memory, remembrance and shared pleasures.\nAnd it's with immense joy that I \"freely gather\" and share these riches with the curious,  informed and novices.\nI'm a freelance tour guide, actress and storyteller, and I hold the Professional Guide Card issued by the French Ministry of Tourism and the Ministry of Culture.\nOriginally from my native Burkina-Faso in West Africa, I've been \"foraging\" freely in France for over twenty years, mainly in the streets of Paris and the surrounding region.\nI offer guided tours of monuments, museums, neighborhoods and gardens in and around Paris: from the unmissable to the unusual and the original.<\/p>\t\t\t\t<\/div>\n\t\t\t\t<\/div>\n\t\t\t\t\t<\/div>\n\t\t<\/div>\n\t\t\t\t<div class=\"elementor-column elementor-col-50 elementor-inner-column elementor-element elementor-element-30c6329\" data-id=\"30c6329\" data-element_type=\"column\" data-e-type=\"column\" data-settings=\"{&quot;background_background&quot;:&quot;classic&quot;}\">\n\t\t\t<div class=\"elementor-widget-wrap elementor-element-populated\">\n\t\t\t\t\t\t<div class=\"elementor-element elementor-element-020bc88 elementor-widget__width-initial elementor-widget elementor-widget-image\" data-id=\"020bc88\" data-element_type=\"widget\" data-e-type=\"widget\" data-widget_type=\"image.default\">\n\t\t\t\t<div class=\"elementor-widget-container\">\n\t\t\t\t\t\t\t\t\t\t\t\t\t\t\t<img fetchpriority=\"high\" decoding=\"async\" width=\"772\" height=\"1200\" src=\"https:\/\/bibaguideparis.com\/wp-content\/uploads\/2024\/03\/Biba-Flibuste-Qui-est-bibaguide-772x1200.jpg\" class=\"attachment-large size-large wp-image-2009\" alt=\"\" srcset=\"https:\/\/bibaguideparis.com\/wp-content\/uploads\/2024\/03\/Biba-Flibuste-Qui-est-bibaguide-772x1200.jpg 772w, https:\/\/bibaguideparis.com\/wp-content\/uploads\/2024\/03\/Biba-Flibuste-Qui-est-bibaguide-322x500.jpg 322w, https:\/\/bibaguideparis.com\/wp-content\/uploads\/2024\/03\/Biba-Flibuste-Qui-est-bibaguide-193x300.jpg 193w, https:\/\/bibaguideparis.com\/wp-content\/uploads\/2024\/03\/Biba-Flibuste-Qui-est-bibaguide-768x1194.jpg 768w, https:\/\/bibaguideparis.com\/wp-content\/uploads\/2024\/03\/Biba-Flibuste-Qui-est-bibaguide-8x12.jpg 8w, https:\/\/bibaguideparis.com\/wp-content\/uploads\/2024\/03\/Biba-Flibuste-Qui-est-bibaguide-48x75.jpg 48w, https:\/\/bibaguideparis.com\/wp-content\/uploads\/2024\/03\/Biba-Flibuste-Qui-est-bibaguide-480x746.jpg 480w\" sizes=\"(max-width:767px) 480px, (max-width:772px) 100vw, 772px\" \/>\t\t\t\t\t\t\t\t\t\t\t\t\t\t\t<\/div>\n\t\t\t\t<\/div>\n\t\t\t\t\t<\/div>\n\t\t<\/div>\n\t\t\t\t\t<\/div>\n\t\t<\/section>\n\t\t\t\t\t<\/div>\n\t\t<\/div>\n\t\t\t\t\t<\/div>\n\t\t<\/section>\n\t\t<div class=\"elementor-element elementor-element-a57b60e e-flex e-con-boxed e-con e-parent\" data-id=\"a57b60e\" data-element_type=\"container\" data-e-type=\"container\" id=\"frfr\">\n\t\t\t\t\t<div class=\"e-con-inner\">\n\t\t<div class=\"elementor-element elementor-element-c26c5ac e-con-full e-flex e-con e-child\" data-id=\"c26c5ac\" data-element_type=\"container\" data-e-type=\"container\" id=\"ww\">\n\t\t\t\t<div class=\"elementor-element elementor-element-b02949d elementor-widget elementor-widget-text-editor\" data-id=\"b02949d\" data-element_type=\"widget\" data-e-type=\"widget\" data-widget_type=\"text-editor.default\">\n\t\t\t\t<div class=\"elementor-widget-container\">\n\t\t\t\t\t\t\t\t\t<span style=\"font-size: 24px;\"><strong>THE PROFESSIONAL LICENSE<\/strong><\/span>\n\n\n<span style=\"font-size: 16px;\">I hold the professional license required to guide through museums and monuments. This license is proof that I have graduated from a specific and training to be a tourist guide in France.\n<br>\nI always wear this license card around my neck during guided tours, do not hesitate to ask me about it!<\/span>\t\t\t\t\t\t\t\t<\/div>\n\t\t\t\t<\/div>\n\t\t\t\t<\/div>\n\t\t<div class=\"elementor-element elementor-element-e9afa11 e-con-full e-flex e-con e-child\" data-id=\"e9afa11\" data-element_type=\"container\" data-e-type=\"container\" id=\"ENEN\">\n\t\t\t\t<div class=\"elementor-element elementor-element-7f9f75d elementor-widget elementor-widget-text-editor\" data-id=\"7f9f75d\" data-element_type=\"widget\" data-e-type=\"widget\" data-widget_type=\"text-editor.default\">\n\t\t\t\t<div class=\"elementor-widget-container\">\n\t\t\t\t\t\t\t\t\t<span style=\"font-size: 22px;\"><strong>GUIDE-CONF\u00c9RENCIER, QU&rsquo;EST-CE QUE C&rsquo;EST ?<\/strong><\/span>\n\n\n<span style=\"font-size: 16px;\">En France, guide-conf\u00e9rencier est un m\u00e9tier r\u00e9glement\u00e9. Pour y acc\u00e9der, il faut poss\u00e9der la Carte Professionnelle de Guide-Conf\u00e9rencier, qui est d\u00e9livr\u00e9e par les minist\u00e8res de la Culture et du Tourisme. Cette carte autorise \u00e0 \u00ab conduire des visites comment\u00e9es dans les mus\u00e9es de France et monuments historiques class\u00e9s \u00bb dans toute la France.\n<br>\nOn parle aussi parfois de guide touristique, guide culturel ou guide-accompagnateur. N\u00e9anmoins, il existe bien une diff\u00e9rence entre ces m\u00e9tiers : il n&rsquo;y a pas de dipl\u00f4me sp\u00e9cifique pour \u00eatre accompagnateur, et un accompagnateur n&rsquo;a pas le droit d&rsquo;effectuer de visites guid\u00e9es dans un mus\u00e9e ou un monument lors du voyage qu&rsquo;il accompagne.\n\n&nbsp;<\/span>\t\t\t\t\t\t\t\t<\/div>\n\t\t\t\t<\/div>\n\t\t\t\t<\/div>\n\t\t\t\t\t<\/div>\n\t\t\t\t<\/div>\n\t\t<div class=\"elementor-element elementor-element-0a2a507 e-flex e-con-boxed e-con e-parent\" data-id=\"0a2a507\" data-element_type=\"container\" data-e-type=\"container\" id=\"bbb\">\n\t\t\t\t\t<div class=\"e-con-inner\">\n\t\t<div class=\"elementor-element elementor-element-2ee3758 e-con-full e-flex e-con e-child\" data-id=\"2ee3758\" data-element_type=\"container\" data-e-type=\"container\">\n\t\t\t\t<div class=\"elementor-element elementor-element-02df744 elementor-widget elementor-widget-text-editor\" data-id=\"02df744\" data-element_type=\"widget\" data-e-type=\"widget\" data-widget_type=\"text-editor.default\">\n\t\t\t\t<div class=\"elementor-widget-container\">\n\t\t\t\t\t\t\t\t\t<span style=\"font-size: 24px;\"><strong>THE PROFESSIONAL LICENSE<\/strong><\/span>\n<br><br>\n<span style=\"font-size: 18px;\">I hold the professional license required to guide through museums and monuments. This license is proof that I have graduated from a specific and training to be a tourist guide in France.<\/span>\n<br>\nI always wear this license card around my neck during guided tours, do not hesitate to ask me about it!\t\t\t\t\t\t\t\t<\/div>\n\t\t\t\t<\/div>\n\t\t\t\t<\/div>\n\t\t\t\t\t<\/div>\n\t\t\t\t<\/div>\n\t\t\t\t<\/div>","protected":false},"excerpt":{"rendered":"<p>Bibata ROAMBA Guide conf\u00e9renci\u00e8re Bibata de mon pr\u00e9nom, je suis une flibusti\u00e8re \u00e0 ma fa\u00e7on. Flibustier qui vient du mot n\u00e9erlandais \u00ab vrijbuiter \u00bb, peut se<span class=\"excerpt-hellip\"> [\u2026]<\/span><\/p>\n","protected":false},"author":1,"featured_media":0,"parent":0,"menu_order":0,"comment_status":"open","ping_status":"closed","template":"","meta":{"footnotes":""},"class_list":["post-8","page","type-page","status-publish","hentry"],"_links":{"self":[{"href":"https:\/\/bibaguideparis.com\/en\/wp-json\/wp\/v2\/pages\/8","targetHints":{"allow":["GET"]}}],"collection":[{"href":"https:\/\/bibaguideparis.com\/en\/wp-json\/wp\/v2\/pages"}],"about":[{"href":"https:\/\/bibaguideparis.com\/en\/wp-json\/wp\/v2\/types\/page"}],"author":[{"embeddable":true,"href":"https:\/\/bibaguideparis.com\/en\/wp-json\/wp\/v2\/users\/1"}],"replies":[{"embeddable":true,"href":"https:\/\/bibaguideparis.com\/en\/wp-json\/wp\/v2\/comments?post=8"}],"version-history":[{"count":201,"href":"https:\/\/bibaguideparis.com\/en\/wp-json\/wp\/v2\/pages\/8\/revisions"}],"predecessor-version":[{"id":3232,"href":"https:\/\/bibaguideparis.com\/en\/wp-json\/wp\/v2\/pages\/8\/revisions\/3232"}],"wp:attachment":[{"href":"https:\/\/bibaguideparis.com\/en\/wp-json\/wp\/v2\/media?parent=8"}],"curies":[{"name":"wp","href":"https:\/\/api.w.org\/{rel}","templated":true}]}}